{"id":3,"date":"2020-12-14T09:17:09","date_gmt":"2020-12-14T09:17:09","guid":{"rendered":"https:\/\/expatstoday.nl\/?page_id=3"},"modified":"2021-02-16T16:20:21","modified_gmt":"2021-02-16T16:20:21","slug":"privacy-policy","status":"publish","type":"page","link":"https:\/\/expatstoday.nl\/nl\/privacy-policy\/","title":{"rendered":"Privacy Policy"},"content":{"rendered":"\t\t<div data-elementor-type=\"wp-page\" data-elementor-id=\"3\" class=\"elementor elementor-3\" data-elementor-post-type=\"page\">\n\t\t\t\t\t\t<section class=\"elementor-section elementor-top-section elementor-element elementor-element-2f73412 elementor-section-boxed elementor-section-height-default elementor-section-height-default\" data-id=\"2f73412\" data-element_type=\"section\" data-e-type=\"section\">\n\t\t\t\t\t\t<div class=\"elementor-container elementor-column-gap-default\">\n\t\t\t\t\t<div class=\"elementor-column elementor-col-100 elementor-top-column elementor-element elementor-element-ad8edcb\" data-id=\"ad8edcb\" data-element_type=\"column\" data-e-type=\"column\">\n\t\t\t<div class=\"elementor-widget-wrap elementor-element-populated\">\n\t\t\t\t\t\t<div class=\"elementor-element elementor-element-c12383e elementor-widget elementor-widget-text-editor\" data-id=\"c12383e\" data-element_type=\"widget\" data-e-type=\"widget\" data-widget_type=\"text-editor.default\">\n\t\t\t\t<div class=\"elementor-widget-container\">\n\t\t\t\t\t\t\t\t\t<p>FixedToday Privacy Statement<br>Versie 1.4 \u2018februari 2021<\/p>\n<p>Belle van Zuylenlaan 3 \/ 4105 JX Culemborg \/ avg@fixedtoday.nl \/ KVK: 11047341 \/ BTW: NL.8085.49.595.B01 \/ 0345-515800<\/p><p><br><\/p>\n<p><strong>Leeswijzer<\/strong><\/p>\n<p>Dit Privacy Statement bestaat uit twee delen: een eerste gedeelte dat alleen toeziet op freelancers en potentieel tijdelijke werknemers (paragraaf 1) en een tweede gedeelte dat alleen toeziet op&nbsp; werknemers of vertegenwoordigers van (potenti\u00eble) opdrachtgevers, leveranciers en andere bedrijven (paragraaf 2).<\/p><p><br><\/p>\n<ol>\n<li><strong>Gegevens die FixedToday verwerkt van freelancers en potentieel tijdelijke werknemers<\/strong><\/li>\n<\/ol>\n<p>Voor de uitvoering van haar missie \u2013 het aanbieden van consultancy op het gebied van ICT- verwerkt FixedToday persoonsgegevens. Vertrekpunt bij het verwerken van uw persoonsgegevens is dat u deze gegevens uit vrije wil&nbsp; en zelf aan FixedToday beschikbaar stelt en wel uitsluitend&nbsp; voor het doel waarvoor u deze aan FixedToday heeft verstrekt, te weten:<\/p>\n<ol>\n<li>om te voldoen aan de geldende wet- en regelgeving;<\/li>\n<li>om met u een tijdelijke- werknemers-\/werkgeversrelatie of een opdrachtgever\/opdrachtnemer relatie aan te gaan en te onderhouden en hiervoor een personeels-, financi\u00eble-, uren-, verzuim- en\/of salarisadministratie te voeren, dan wel om een relatie gericht op het verwerven \/ uitvoeren van opdrachten aan te gaan en te onderhouden en hiervoor een (financi\u00eble) administratie te voeren;<\/li>\n<li>om uw geschiktheid voor een bepaalde functie of opdracht te beoordelen, uw beschikbaarheid vast te leggen en u in contact te brengen met of voor te stellen aan \u00e9\u00e9n of meerdere (potenti\u00eble) opdrachtgevers;<\/li>\n<li>om met u, onze opdrachtgever(s) overeenkomsten te kunnen sluiten en deze uit te kunnen voeren en na te kunnen komen;<\/li>\n<li>om onze re\u00efntegratieverplichtingen na te komen waar het betreft tijdelijke werknemers;<\/li>\n<li>om u te informeren over onze dienstverlening, overige activiteiten en\/of vakinhoudelijke informatie (bijvoorbeeld via e-mail, nieuwsbrieven, bedrijfsmagazines en vakliteratuur) en om u namens FixedToday aanbiedingen te kunnen doen;<\/li>\n<li>om managementinformatie te genereren, het uitvoeren van marktanalyses, (interne en externe) controles, audits en accountantscontroles en het bevorderen en handhaven van de bedrijfsveiligheid;<\/li>\n<li>om, indien van toepassing, een externe partij de validiteit van het door u aangeleverde identiteitsbewijs te laten controleren en\/of een screening te laten uitvoeren.<\/li>\n<\/ol>\n<p><br><\/p><p>U stelt uw gegevens beschikbaar doordat u uw CV en de daarmee gemoeide overige gegevens per e-mail of via een ander medium aan ons toestuurt.<\/p>\n<p>Uw persoonsgegevens worden zorgvuldig behandeld en beveiligd in overeenstemming met de de Algemene Verordening Gegevensbescherming.<\/p>\n<p>FixedToday verwerkt onder meer de volgende gegevens: NAW-gegevens (naam, adres, woonplaats), e-mailadres, telefoonnummer, contactgegevens, nationaliteit, geboortedatum- en plaats, geslacht, burgerlijke staat, CV, werkervaring, bankrekeningnummer, polis- of klantnummer zorgverzekeraar, opleiding- en scholingsgegevens, (kopie) getuigschriften, referenties, (kopie) pasfoto, (kopie) ID-bewijs en BSN&nbsp;<u>(beiden alleen i.g.v. werknemers)<\/u>, (kopie) werkvergunning en (kopie) verblijfsvergunning.<\/p><p><br><\/p>\n<p>FixedToday kan uw persoonsgegevens doorgeven aan haar (potenti\u00eble) opdrachtgevers, leveranciers (bijvoorbeeld opleidingsinstanties), auditinstanties, overheidsinstellingen, onderaannemers en aan bedrijven en\/of personen die zij heeft ingeschakeld voor het uitvoeren van bepaalde taken (waaronder verwerkers). Daarnaast kan FixedToday uw gegevens verstrekken aan derden indien zij daartoe op grond van de geldende wet- en\/of regelgeving, een gerechtelijk bevel of een rechtelijk vonnis is gerechtigd of wordt verplicht, dan wel daartoe toestemming van u voor heeft gekregen. Verder kan FixedToday uw profiel of CV, nadat u daarvoor toestemming heeft gegeven, al dan niet geanonimiseerd binnen een besloten gedeelte op haar website(s) en klantenportals plaatsen.<\/p>\n<p>Tenzij u schriftelijk aangeeft, daar geen prijs meer op te stellen, bewaart FixedToday met uw voorafgaande toestemming uw persoonsgegevens niet langer dan noodzakelijk is, voor de doeleinden waarvoor deze gegevens zijn verzameld en houdt zich ter zake aan de geldende wet- en regelgeving.<\/p><p><br><\/p>\n<ol start=\"2\">\n<li><strong>Gegevens die FixedToday verwerkt van werknemers- of vertegenwoordigers van (potenti\u00eble) opdrachtgevers, leveranciers en andere bedrijven<\/strong><\/li>\n<\/ol>\n<p><strong>&nbsp;<\/strong>Persoonsgegevens die FixedToday van werknemers of vertegenwoordigers van (potenti\u00eble) opdrachtgevers, leveranciers, verkopers en andere bedrijven of instellingen ontvangt, gebruiken wij voor de volgende doeleinden:<\/p>\n<ol>\n<li>om u gebruik te kunnen laten maken van onze dienstverlening en\/of gebruik te kunnen maken van uw dienstverlening;<\/li>\n<li>om met u een handelsrelatie aan te gaan en te onderhouden;<\/li>\n<li>om opdrachten overeen te komen en\/of uit te kunnen (laten) voeren;<\/li>\n<li>om u te informeren over onze dienstverlening en overige activiteiten (bijvoorbeeld via e-mail, nieuwsbrieven en bedrijfsmagazines) en om u aanbiedingen te kunnen doen;<\/li>\n<li>om geldende wet- en regelgeving na te kunnen komen.<\/li>\n<\/ol>\n<p><br><\/p><p>FixedToday verwerkt van zakelijke relaties onder meer de volgende gegevens: (zakelijke) NAW-gegevens (naam, adres, vestigings-\/woonplaats), geboortedatum (optioneel, namelijk voor zover verstrekt), emailadres, gegevens voor het onderhouden van de relatie, functie- en contactgegevens. Van werknemers verwerkt zij de gegevens zoals gespecificeerd onder paragraaf 1.<\/p>\n<p>FixedToday kan de persoonsgegevens van werknemers- en vertegenwoordigers van (potenti\u00eble) zakelijke relaties doorgeven aan anderen indien dit van belang is voor de uitvoering van haar dienstverlening. FixedToday kan uw gegevens bovendien doorgeven aan sollicitanten\/kandidaten en werknemers, leveranciers (bijvoorbeeld opleidingsinstanties), auditinstanties, overheidsinstellingen, onderaannemers en aan bedrijven en\/of personen die zij heeft ingeschakeld voor het uitvoeren van bepaalde taken (waaronder verwerkers). Daarnaast kan FixedToday uw gegevens verstrekken aan anderen indien zij daartoe op grond van de wet- en\/of regelgeving, een gerechtelijk bevel of een rechtelijk vonnis is gerechtigd of wordt verplicht, dan wel toestemming van u voor heeft gekregen. Verder kan FixedToday uw bedrijfsprofiel of vacatures van uw onderneming, nadat u daartoe toestemming heeft gegeven, al dat niet geanonimiseerd op haar website plaatsen en\/of openbaar te maken.<\/p><p><br><\/p>\n<p>Tenzij u schriftelijk aangeeft, daar geen prijs meer op te stellen, bewaart FixedToday met uw voorafgaande toestemming uw persoonsgegevens niet langer dan noodzakelijk is voor de doeleinden waarvoor deze gegevens zijn verzameld en houdt zich ter zake aan de geldende wet- en regelgeving.<\/p>\n<p><strong><br><\/strong><\/p><p><strong>Beveiliging<\/strong><\/p>\n<p>FixedToday spant zich tot het uiterste in om passende organisatorische en technische maatregelen te nemen om uw persoonsgegevens te beveiligen tegen onrechtmatige verwerking en\/of verlies. Werknemers van FixedToday, die toegang hebben tot uw persoonsgegevens, zijn gehouden aan een geheimhoudingsbeding.<\/p>\n<p>Ondanks de door ons genomen veiligheidsmaatregelen, zou het voor kunnen komen dat derden er toch in slagen de voornoemde maatregelen te omzeilen en\/of uw persoonsgegevens voor oneigenlijke doeleinden te gebruiken. FixedToday kan hiervoor nimmer op enigerlei wijze aansprakelijk worden gesteld.<\/p><p><br><\/p>\n<p><strong>Aansprakelijkheid<\/strong><\/p>\n<p>Voor zover op grond van de wet is toegestaan, is aansprakelijkheid van FixedToday voor indirecte schade, waaronder gevolgschade en inkomstenverlies, in alle gevallen uitgesloten. Iedere eventuele aansprakelijkheid is daarnaast beperkt tot een bedrag van maximaal &nbsp;\u20ac 1.000,- per gebeurtenis en maximaal \u20ac 10.000,- per kalenderjaar. De aansprakelijkheid van FixedToday zal verder hoe dan ook nooit meer bedragen dan hetgeen door haar verzekering in het desbetreffende geval is gedekt en wordt uitgekeerd.<\/p><p><br><\/p>\n<p><strong>Inzagerecht<\/strong><\/p>\n<p>U kunt ons op elk gewenst moment&nbsp;<a href=\"mailto:avg@fixedtoday.nl\">avg@fixedtoday.nl<\/a>&nbsp;dan wel per brief (FixedToday B.V., t.a.v. Juridische Zaken, Belle van Zuylenlaan 3, 4105 JX&nbsp; Culemborg) verzoeken aan te geven welke gegevens wij van u verwerken. Daarnaast kunt u op elk gewenst moment via de hiervoor beschreven procedure verzoeken uw gegevens aan te vullen, te verbeteren of te verwijderen. Wij streven ernaar binnen 1 (\u00e9\u00e9n) maand na ontvangst van uw verzoek op uw verzoek te reageren.<\/p><p><br><\/p>\n<p><strong>Vragen, opmerkingen en klachten<\/strong><\/p>\n<p>Indien u vragen, opmerkingen of klachten heeft met betrekking tot dit Privacy Statement of de manier waarop FixedToday uw gegevens registreert, gebruikt en verwerkt, dan kunt u deze per e-mail kenbaar maken (<a href=\"mailto:avg@fixedtoday.nl\">avg@fixedtoday.nl<\/a>) dan wel per brief (FixedToday B.V., t.a.v. Juridische Zaken, Juridische Zaken, Belle van Zuylenlaan 3, 4105 JX&nbsp; Culemborg) Wij streven ernaar binnen 1 (\u00e9\u00e9n) maand na ontvangst van uw vraag, opmerking of klacht te reageren.<\/p><p><br><\/p>\n<p><strong>Aanpassen Privacy Statement<\/strong><\/p>\n<p>FixedToday kan haar&nbsp; Privacy Statement aanpassen. De laatste en meest actuele versie van haar Privacy Statement is altijd via de FixedToday internetsite te raadplegen.<\/p><p><br><\/p>\n<p><strong>Aanvaarding Privacy Statement<\/strong><\/p>\n<p>Door aanvaarding van voornoemd Privacy Statement aanvaard u nadrukkelijk en ondubbelzinnig, tot schriftelijke wederopzegging, al het bepaalde in dit Privacy Statement.<\/p>\t\t\t\t\t\t\t\t<\/div>\n\t\t\t\t<\/div>\n\t\t\t\t\t<\/div>\n\t\t<\/div>\n\t\t\t\t\t<\/div>\n\t\t<\/section>\n\t\t\t\t<\/div>\n\t\t","protected":false},"excerpt":{"rendered":"<p>FixedToday Privacy Statement Versie 1.4 \u2018februari 2021 Belle van Zuylenlaan 3 \/ 4105 JX Culemborg \/ avg@fixedtoday.nl \/ KVK: 11047341 \/ BTW: NL.8085.49.595.B01 \/ 0345-515800 Leeswijzer Dit Privacy Statement bestaat uit twee delen: een eerste gedeelte dat alleen toeziet op freelancers en potentieel tijdelijke werknemers (paragraaf 1) en een tweede gedeelte dat alleen toeziet op&nbsp; [&hellip;]<\/p>\n","protected":false},"author":1,"featured_media":0,"parent":0,"menu_order":0,"comment_status":"closed","ping_status":"open","template":"","meta":{"_acf_changed":false,"footnotes":""},"class_list":["post-3","page","type-page","status-publish","hentry"],"acf":[],"_links":{"self":[{"href":"https:\/\/expatstoday.nl\/nl\/wp-json\/wp\/v2\/pages\/3","targetHints":{"allow":["GET"]}}],"collection":[{"href":"https:\/\/expatstoday.nl\/nl\/wp-json\/wp\/v2\/pages"}],"about":[{"href":"https:\/\/expatstoday.nl\/nl\/wp-json\/wp\/v2\/types\/page"}],"author":[{"embeddable":true,"href":"https:\/\/expatstoday.nl\/nl\/wp-json\/wp\/v2\/users\/1"}],"replies":[{"embeddable":true,"href":"https:\/\/expatstoday.nl\/nl\/wp-json\/wp\/v2\/comments?post=3"}],"version-history":[{"count":16,"href":"https:\/\/expatstoday.nl\/nl\/wp-json\/wp\/v2\/pages\/3\/revisions"}],"predecessor-version":[{"id":874,"href":"https:\/\/expatstoday.nl\/nl\/wp-json\/wp\/v2\/pages\/3\/revisions\/874"}],"wp:attachment":[{"href":"https:\/\/expatstoday.nl\/nl\/wp-json\/wp\/v2\/media?parent=3"}],"curies":[{"name":"wp","href":"https:\/\/api.w.org\/{rel}","templated":true}]}}